{"id":42,"date":"2024-07-08T14:38:30","date_gmt":"2024-07-08T12:38:30","guid":{"rendered":"http:\/\/katana.cat\/?page_id=42"},"modified":"2024-11-22T10:49:28","modified_gmt":"2024-11-22T09:49:28","slug":"lloga-un-fotomaton","status":"publish","type":"page","link":"https:\/\/katana.cat\/es\/lloga-un-fotomaton","title":{"rendered":"ALQUILA"},"content":{"rendered":"<p class=\"has-text-align-center has-max-48-font-size\"><strong>ALQUILA UN FOTOMAT\u00d3N PARA TU FIESTA<\/strong>*<\/p>\n\n\n\n<div class=\"wp-block-columns is-layout-flex wp-container-core-columns-is-layout-28f84493 wp-block-columns-is-layout-flex\">\n<div class=\"wp-block-column is-layout-flow wp-block-column-is-layout-flow\" style=\"flex-basis:100%\">\n<p class=\"has-text-align-center has-large-font-size\"><strong>T\u00da ELIGES<\/strong><\/p>\n<\/div>\n<\/div>\n\n\n\n<div class=\"wp-block-media-text has-media-on-the-right is-stacked-on-mobile is-vertically-aligned-center\"><div class=\"wp-block-media-text__content\">\n<div class=\"wp-block-group has-global-padding is-layout-constrained wp-block-group-is-layout-constrained\">\n<div class=\"wp-block-columns is-layout-flex wp-container-core-columns-is-layout-28f84493 wp-block-columns-is-layout-flex\">\n<div class=\"wp-block-column is-layout-flow wp-block-column-is-layout-flow\" style=\"flex-basis:100%\">\n<div class=\"wp-block-group has-primary-color has-white-background-color has-text-color has-background has-link-color has-medium-font-size wp-elements-eebd22d64515ddb6e0a08ac58e6a6616 has-global-padding is-layout-constrained wp-block-group-is-layout-constrained\" style=\"border-style:none;border-width:0px;min-height:0px;margin-top:0;margin-bottom:0;padding-top:0;padding-bottom:0\">\n<p class=\"has-text-align-center has-large-font-size\"><strong>OPCI\u00d3N A<\/strong> DES DE 199\u20ac<\/p>\n<\/div>\n<\/div>\n<\/div>\n<\/div>\n\n\n\n<p class=\"has-text-align-center has-medium-font-size\">Ll\u00e9vatelo y devu\u00e9lvelo t\u00fa mismo\/a<\/p>\n<\/div><figure class=\"wp-block-media-text__media\"><img loading=\"lazy\" decoding=\"async\" width=\"1024\" height=\"675\" src=\"http:\/\/katana.cat\/wp-content\/uploads\/2024\/07\/1b-1024x675.jpg\" alt=\"\" class=\"wp-image-233 size-full\" srcset=\"https:\/\/katana.cat\/wp-content\/uploads\/2024\/07\/1b-1024x675.jpg 1024w, https:\/\/katana.cat\/wp-content\/uploads\/2024\/07\/1b-300x198.jpg 300w, https:\/\/katana.cat\/wp-content\/uploads\/2024\/07\/1b-2000x1318.jpg 2000w\" sizes=\"auto, (max-width: 1024px) 100vw, 1024px\" \/><\/figure><\/div>\n\n\n\n<div style=\"height:19px\" aria-hidden=\"true\" class=\"wp-block-spacer\"><\/div>\n\n\n\n<div class=\"wp-block-media-text has-media-on-the-right is-stacked-on-mobile is-vertically-aligned-center\"><div class=\"wp-block-media-text__content\">\n<div class=\"wp-block-group has-global-padding is-layout-constrained wp-block-group-is-layout-constrained\">\n<div class=\"wp-block-columns is-layout-flex wp-container-core-columns-is-layout-28f84493 wp-block-columns-is-layout-flex\">\n<div class=\"wp-block-column is-layout-flow wp-block-column-is-layout-flow\" style=\"flex-basis:100%\">\n<div class=\"wp-block-group has-primary-color has-white-background-color has-text-color has-background has-link-color has-medium-font-size wp-elements-d4ef9da3620625afb6766c9596b36f79 has-global-padding is-layout-constrained wp-block-group-is-layout-constrained\" style=\"border-style:none;border-width:0px;min-height:0px;margin-top:0;margin-bottom:0;padding-top:0;padding-bottom:0\">\n<p class=\"has-text-align-center has-large-font-size\"><strong>OPCI\u00d3N B<\/strong> DES DE 449\u20ac<\/p>\n<\/div>\n<\/div>\n<\/div>\n<\/div>\n\n\n\n<p class=\"has-text-align-center has-medium-font-size\" style=\"margin-top:0;margin-bottom:0\">Traemos el fotomat\u00f3n a tu fiesta<\/p>\n\n\n\n<p class=\"has-text-align-center has-medium-font-size\" style=\"margin-top:0;margin-bottom:0\">Un animador os ayudar\u00e1 a tomar las fotos en el evento<\/p>\n\n\n\n<p class=\"has-text-align-center has-medium-font-size\" style=\"margin-top:0;margin-bottom:0\"> Fotos personalizadas con vuestro nombre o logo<\/p>\n\n\n\n<p class=\"has-text-align-center has-medium-font-size\" style=\"margin-top:0;margin-bottom:0\"> Atrezzo para hacer la experiencia m\u00e1s divertida<\/p>\n\n\n\n<p class=\"has-text-align-center has-medium-font-size\" style=\"margin-top:0;margin-bottom:0\">Fotos ilimitadas<\/p>\n<\/div><figure class=\"wp-block-media-text__media\"><img loading=\"lazy\" decoding=\"async\" width=\"1024\" height=\"683\" src=\"http:\/\/katana.cat\/wp-content\/uploads\/2024\/07\/4-1024x683.jpg\" alt=\"\" class=\"wp-image-228 size-full\" srcset=\"https:\/\/katana.cat\/wp-content\/uploads\/2024\/07\/4-1024x683.jpg 1024w, https:\/\/katana.cat\/wp-content\/uploads\/2024\/07\/4-300x200.jpg 300w, https:\/\/katana.cat\/wp-content\/uploads\/2024\/07\/4-2000x1333.jpg 2000w\" sizes=\"auto, (max-width: 1024px) 100vw, 1024px\" \/><\/figure><\/div>\n\n\n\n<div style=\"height:19px\" aria-hidden=\"true\" class=\"wp-block-spacer\"><\/div>\n\n\n\n<p class=\"has-text-align-center has-white-color has-tertiary-background-color has-text-color has-background has-link-color has-small-font-size\"><strong>Para conocer las condiciones y disponibilidad env\u00eda un e-mail a <a href=\"mailto:reserves@katana.cat\">reserves@katana.cat<\/a><\/strong> <br>*Servicio disponible en KATANA BARICENTRO<\/p>\n\n\n\n<p><\/p>\n\n\n\n<p><\/p>\n\n\n\n<p><\/p>\n\n\n\n<p><\/p>","protected":false},"excerpt":{"rendered":"<p>LLOGA UN FOTOMAT\u00d3N PER A LA TEVA FESTA* TU TRIES Per con\u00e8ixer les condicions i disponibilitat envia un e-mail a reserves@katana.cat * Servei \u00fanicament disponible a KATANA BARICENTRO<\/p>","protected":false},"author":1,"featured_media":304,"parent":0,"menu_order":0,"comment_status":"closed","ping_status":"closed","template":"","meta":{"footnotes":""},"class_list":["post-42","page","type-page","status-publish","has-post-thumbnail","hentry"],"_links":{"self":[{"href":"https:\/\/katana.cat\/es\/wp-json\/wp\/v2\/pages\/42","targetHints":{"allow":["GET"]}}],"collection":[{"href":"https:\/\/katana.cat\/es\/wp-json\/wp\/v2\/pages"}],"about":[{"href":"https:\/\/katana.cat\/es\/wp-json\/wp\/v2\/types\/page"}],"author":[{"embeddable":true,"href":"https:\/\/katana.cat\/es\/wp-json\/wp\/v2\/users\/1"}],"replies":[{"embeddable":true,"href":"https:\/\/katana.cat\/es\/wp-json\/wp\/v2\/comments?post=42"}],"version-history":[{"count":36,"href":"https:\/\/katana.cat\/es\/wp-json\/wp\/v2\/pages\/42\/revisions"}],"predecessor-version":[{"id":455,"href":"https:\/\/katana.cat\/es\/wp-json\/wp\/v2\/pages\/42\/revisions\/455"}],"wp:featuredmedia":[{"embeddable":true,"href":"https:\/\/katana.cat\/es\/wp-json\/wp\/v2\/media\/304"}],"wp:attachment":[{"href":"https:\/\/katana.cat\/es\/wp-json\/wp\/v2\/media?parent=42"}],"curies":[{"name":"wp","href":"https:\/\/api.w.org\/{rel}","templated":true}]}}