{"id":43,"date":"2024-07-08T14:38:30","date_gmt":"2024-07-08T12:38:30","guid":{"rendered":"http:\/\/katana.cat\/?page_id=43"},"modified":"2024-07-18T13:42:36","modified_gmt":"2024-07-18T11:42:36","slug":"compra-un-fotomaton","status":"publish","type":"page","link":"https:\/\/katana.cat\/es\/compra-un-fotomaton","title":{"rendered":"COMPRA UN FOTOMAT\u00d3N"},"content":{"rendered":"<p class=\"has-medium-font-size\">Para poder conocer las caracter\u00edsticas de todos los fotomatones y ver cu\u00e1l es el que mejor se adapta a tu espacio o negocio visita la p\u00e1gina de <a href=\"http:\/\/www.digital-centre.com\" data-type=\"link\" data-id=\"www.digital-centre.com\" target=\"_blank\" rel=\"noreferrer noopener\">DIGITAL CENTRE<\/a><\/p>\n\n\n\n<figure class=\"wp-block-gallery has-nested-images columns-default is-cropped wp-block-gallery-1 is-layout-flex wp-block-gallery-is-layout-flex\">\n<figure class=\"wp-block-image size-full\"><a href=\"https:\/\/www.digital-centre.com\/photobooth\/eclipse\/\" target=\"_blank\" rel=\"noreferrer noopener\"><img loading=\"lazy\" decoding=\"async\" width=\"1223\" height=\"1895\" data-id=\"209\" src=\"http:\/\/katana.cat\/wp-content\/uploads\/2024\/07\/eclipse-1.png\" alt=\"\" class=\"wp-image-209\" style=\"box-shadow:none\" srcset=\"https:\/\/katana.cat\/wp-content\/uploads\/2024\/07\/eclipse-1.png 1223w, https:\/\/katana.cat\/wp-content\/uploads\/2024\/07\/eclipse-1-194x300.png 194w, https:\/\/katana.cat\/wp-content\/uploads\/2024\/07\/eclipse-1-661x1024.png 661w\" sizes=\"auto, (max-width: 1223px) 100vw, 1223px\" \/><\/a><figcaption class=\"wp-element-caption\"><strong><mark style=\"background-color:rgba(0, 0, 0, 0)\" class=\"has-inline-color has-primary-color\">Eclipse<\/mark><\/strong><\/figcaption><\/figure>\n\n\n\n<figure class=\"wp-block-image size-full\"><a href=\"https:\/\/www.digital-centre.com\/photobooth\/panther-revolution\/\" target=\"_blank\" rel=\"noreferrer noopener\"><img loading=\"lazy\" decoding=\"async\" width=\"1223\" height=\"1895\" data-id=\"213\" src=\"http:\/\/katana.cat\/wp-content\/uploads\/2024\/07\/revolution.png\" alt=\"\" class=\"wp-image-213\" srcset=\"https:\/\/katana.cat\/wp-content\/uploads\/2024\/07\/revolution.png 1223w, https:\/\/katana.cat\/wp-content\/uploads\/2024\/07\/revolution-194x300.png 194w, https:\/\/katana.cat\/wp-content\/uploads\/2024\/07\/revolution-661x1024.png 661w\" sizes=\"auto, (max-width: 1223px) 100vw, 1223px\" \/><\/a><figcaption class=\"wp-element-caption\"><strong><mark style=\"background-color:rgba(0, 0, 0, 0)\" class=\"has-inline-color has-primary-color\">Revolution<\/mark><\/strong><\/figcaption><\/figure>\n\n\n\n<figure class=\"wp-block-image size-full\"><a href=\"https:\/\/www.digital-centre.com\/photobooth\/panther\/\" target=\"_blank\" rel=\"noreferrer noopener\"><img loading=\"lazy\" decoding=\"async\" width=\"1223\" height=\"1895\" data-id=\"212\" src=\"http:\/\/katana.cat\/wp-content\/uploads\/2024\/07\/panther.png\" alt=\"\" class=\"wp-image-212\" srcset=\"https:\/\/katana.cat\/wp-content\/uploads\/2024\/07\/panther.png 1223w, https:\/\/katana.cat\/wp-content\/uploads\/2024\/07\/panther-194x300.png 194w, https:\/\/katana.cat\/wp-content\/uploads\/2024\/07\/panther-661x1024.png 661w\" sizes=\"auto, (max-width: 1223px) 100vw, 1223px\" \/><\/a><figcaption class=\"wp-element-caption\"><strong><mark style=\"background-color:rgba(0, 0, 0, 0)\" class=\"has-inline-color has-primary-color\">Panther<\/mark><\/strong><\/figcaption><\/figure>\n\n\n\n<figure class=\"wp-block-image size-full\"><a href=\"https:\/\/www.digital-centre.com\/photobooth\/lets-print\/\" target=\"_blank\" rel=\"noreferrer noopener\"><img loading=\"lazy\" decoding=\"async\" width=\"1223\" height=\"1895\" data-id=\"210\" src=\"http:\/\/katana.cat\/wp-content\/uploads\/2024\/07\/letsPrint.png\" alt=\"\" class=\"wp-image-210\" srcset=\"https:\/\/katana.cat\/wp-content\/uploads\/2024\/07\/letsPrint.png 1223w, https:\/\/katana.cat\/wp-content\/uploads\/2024\/07\/letsPrint-194x300.png 194w, https:\/\/katana.cat\/wp-content\/uploads\/2024\/07\/letsPrint-661x1024.png 661w\" sizes=\"auto, (max-width: 1223px) 100vw, 1223px\" \/><\/a><figcaption class=\"wp-element-caption\"><strong><mark style=\"background-color:rgba(0, 0, 0, 0)\" class=\"has-inline-color has-primary-color\">Let&#8217;s Print<\/mark><\/strong><\/figcaption><\/figure>\n\n\n\n<figure class=\"wp-block-image size-full\"><a href=\"https:\/\/www.digital-centre.com\/photobooth\/smile-n-stick\/\" target=\"_blank\" rel=\"noreferrer noopener\"><img loading=\"lazy\" decoding=\"async\" width=\"1223\" height=\"1895\" data-id=\"214\" src=\"http:\/\/katana.cat\/wp-content\/uploads\/2024\/07\/smile-n-stick.png\" alt=\"\" class=\"wp-image-214\" srcset=\"https:\/\/katana.cat\/wp-content\/uploads\/2024\/07\/smile-n-stick.png 1223w, https:\/\/katana.cat\/wp-content\/uploads\/2024\/07\/smile-n-stick-194x300.png 194w, https:\/\/katana.cat\/wp-content\/uploads\/2024\/07\/smile-n-stick-661x1024.png 661w\" sizes=\"auto, (max-width: 1223px) 100vw, 1223px\" \/><\/a><figcaption class=\"wp-element-caption\"><strong><mark style=\"background-color:rgba(0, 0, 0, 0)\" class=\"has-inline-color has-primary-color\">Smile n&#8217; Stick<\/mark><\/strong><\/figcaption><\/figure>\n\n\n\n<figure class=\"wp-block-image size-full\"><a href=\"https:\/\/www.digital-centre.com\/photobooth\/dlight\/\" target=\"_blank\" rel=\"noreferrer noopener\"><img loading=\"lazy\" decoding=\"async\" width=\"1223\" height=\"1895\" data-id=\"207\" src=\"http:\/\/katana.cat\/wp-content\/uploads\/2024\/07\/dlight-1.png\" alt=\"\" class=\"wp-image-207\" srcset=\"https:\/\/katana.cat\/wp-content\/uploads\/2024\/07\/dlight-1.png 1223w, https:\/\/katana.cat\/wp-content\/uploads\/2024\/07\/dlight-1-194x300.png 194w, https:\/\/katana.cat\/wp-content\/uploads\/2024\/07\/dlight-1-661x1024.png 661w\" sizes=\"auto, (max-width: 1223px) 100vw, 1223px\" \/><\/a><figcaption class=\"wp-element-caption\"><strong><mark style=\"background-color:rgba(0, 0, 0, 0)\" class=\"has-inline-color has-primary-color\">D&#8217;light<\/mark><\/strong><\/figcaption><\/figure>\n\n\n\n<figure class=\"wp-block-image size-full\"><a href=\"https:\/\/www.digital-centre.com\/photobooth\/star-light\/\" target=\"_blank\" rel=\"noreferrer noopener\"><img loading=\"lazy\" decoding=\"async\" width=\"1223\" height=\"1895\" data-id=\"215\" src=\"http:\/\/katana.cat\/wp-content\/uploads\/2024\/07\/starlight-1.png\" alt=\"\" class=\"wp-image-215\" srcset=\"https:\/\/katana.cat\/wp-content\/uploads\/2024\/07\/starlight-1.png 1223w, https:\/\/katana.cat\/wp-content\/uploads\/2024\/07\/starlight-1-194x300.png 194w, https:\/\/katana.cat\/wp-content\/uploads\/2024\/07\/starlight-1-661x1024.png 661w\" sizes=\"auto, (max-width: 1223px) 100vw, 1223px\" \/><\/a><figcaption class=\"wp-element-caption\"><strong><mark style=\"background-color:rgba(0, 0, 0, 0)\" class=\"has-inline-color has-primary-color\">StarLight<\/mark><\/strong><\/figcaption><\/figure>\n\n\n\n<figure class=\"wp-block-image size-full\"><a href=\"https:\/\/www.digital-centre.com\/photobooth\/duplo\/\" target=\"_blank\" rel=\"noreferrer noopener\"><img loading=\"lazy\" decoding=\"async\" width=\"1223\" height=\"1895\" data-id=\"208\" src=\"http:\/\/katana.cat\/wp-content\/uploads\/2024\/07\/duplo-1.png\" alt=\"\" class=\"wp-image-208\" srcset=\"https:\/\/katana.cat\/wp-content\/uploads\/2024\/07\/duplo-1.png 1223w, https:\/\/katana.cat\/wp-content\/uploads\/2024\/07\/duplo-1-194x300.png 194w, https:\/\/katana.cat\/wp-content\/uploads\/2024\/07\/duplo-1-661x1024.png 661w\" sizes=\"auto, (max-width: 1223px) 100vw, 1223px\" \/><\/a><figcaption class=\"wp-element-caption\"><strong><mark style=\"background-color:rgba(0, 0, 0, 0)\" class=\"has-inline-color has-primary-color\">Duplo<\/mark><\/strong><\/figcaption><\/figure>\n\n\n\n<figure class=\"wp-block-image size-full\"><a href=\"https:\/\/www.digital-centre.com\/photobooth\/mini-i-go\/\" target=\"_blank\" rel=\"noreferrer noopener\"><img loading=\"lazy\" decoding=\"async\" width=\"1223\" height=\"1895\" data-id=\"211\" src=\"http:\/\/katana.cat\/wp-content\/uploads\/2024\/07\/miniIgo.png\" alt=\"\" class=\"wp-image-211\" srcset=\"https:\/\/katana.cat\/wp-content\/uploads\/2024\/07\/miniIgo.png 1223w, https:\/\/katana.cat\/wp-content\/uploads\/2024\/07\/miniIgo-194x300.png 194w, https:\/\/katana.cat\/wp-content\/uploads\/2024\/07\/miniIgo-661x1024.png 661w\" sizes=\"auto, (max-width: 1223px) 100vw, 1223px\" \/><\/a><figcaption class=\"wp-element-caption\"><mark style=\"background-color:rgba(0, 0, 0, 0)\" class=\"has-inline-color has-primary-color\"><strong>Mini I-Go<\/strong><\/mark><\/figcaption><\/figure>\n<\/figure>\n\n\n\n<div style=\"height:100px\" aria-hidden=\"true\" class=\"wp-block-spacer\"><\/div>\n\n\n\n<div class=\"wp-block-buttons is-content-justification-center is-layout-flex wp-container-core-buttons-is-layout-a89b3969 wp-block-buttons-is-layout-flex\">\n<div class=\"wp-block-button has-custom-width wp-block-button__width-50 has-custom-font-size is-style-fill has-small-font-size\"><a class=\"wp-block-button__link wp-element-button\" href=\"https:\/\/www.digital-centre.com\/catalog\/DC-catalog-2024.pdf\" target=\"_blank\" rel=\"noreferrer noopener\">DESCARGA EL CAT\u00c1LOGO<\/a><\/div>\n<\/div>\n\n\n\n<p><\/p>","protected":false},"excerpt":{"rendered":"<p>Per poder con\u00e8ixer les caracter\u00edstiques de tots els fotomatons i veure quin \u00e9s el que millor s\u2019adapta al teu espai o negoci visita la p\u00e0gina de DIGITAL CENTRE<\/p>","protected":false},"author":1,"featured_media":303,"parent":0,"menu_order":0,"comment_status":"closed","ping_status":"closed","template":"","meta":{"footnotes":""},"class_list":["post-43","page","type-page","status-publish","has-post-thumbnail","hentry"],"_links":{"self":[{"href":"https:\/\/katana.cat\/es\/wp-json\/wp\/v2\/pages\/43","targetHints":{"allow":["GET"]}}],"collection":[{"href":"https:\/\/katana.cat\/es\/wp-json\/wp\/v2\/pages"}],"about":[{"href":"https:\/\/katana.cat\/es\/wp-json\/wp\/v2\/types\/page"}],"author":[{"embeddable":true,"href":"https:\/\/katana.cat\/es\/wp-json\/wp\/v2\/users\/1"}],"replies":[{"embeddable":true,"href":"https:\/\/katana.cat\/es\/wp-json\/wp\/v2\/comments?post=43"}],"version-history":[{"count":17,"href":"https:\/\/katana.cat\/es\/wp-json\/wp\/v2\/pages\/43\/revisions"}],"predecessor-version":[{"id":243,"href":"https:\/\/katana.cat\/es\/wp-json\/wp\/v2\/pages\/43\/revisions\/243"}],"wp:featuredmedia":[{"embeddable":true,"href":"https:\/\/katana.cat\/es\/wp-json\/wp\/v2\/media\/303"}],"wp:attachment":[{"href":"https:\/\/katana.cat\/es\/wp-json\/wp\/v2\/media?parent=43"}],"curies":[{"name":"wp","href":"https:\/\/api.w.org\/{rel}","templated":true}]}}